{"id":276,"date":"2015-03-10T18:58:02","date_gmt":"2015-03-10T18:58:02","guid":{"rendered":"http:\/\/hanse-ik.de\/?page_id=276"},"modified":"2019-07-05T10:44:13","modified_gmt":"2019-07-05T10:44:13","slug":"mentions-legales","status":"publish","type":"page","link":"http:\/\/hanse-ik.de\/fr\/mentions-legales\/","title":{"rendered":"Mentions l\u00e9gales"},"content":{"rendered":"<p>Verantwortlich f\u00fcr den Inhalt dieser Website gem\u00e4\u00df \u00a7 6 MDStV:<\/p>\n<p>Hanse Industriekapital GmbH<\/p>\n<p>Erik-Blumenfeld-Platz 27B<\/p>\n<p>22587 Hamburg<\/p>\n<p><strong>Handelsregister:<\/strong><\/p>\n<p>HRB HH 115718<\/p>\n<p><strong>Gesch\u00e4ftsf\u00fchrer:<\/strong><\/p>\n<p>Marc Eberle<\/p>\n<p><strong>Erkl\u00e4rung zu den gesetzten Links:<\/strong><\/p>\n<p>Die Hanse Industriekapital versucht, ihre Angaben und Informationen nach bestem Wissen und Gewissen auf ihrer Website zur Verf\u00fcgung zu stellen. Eine Haftung oder Garantie f\u00fcr die Aktualit\u00e4t, Richtigkeit und Vollst\u00e4ndigkeit der zur Verf\u00fcgung gestellten Informationen und Daten ist jedoch ausgeschlossen. Dies gilt ebenfalls auch f\u00fcr alle anderen direkt oder indirekt angef\u00fchrten Websites, auf die mittels eines Hyperlinks verwiesen wird. F\u00fcr die Inhalte der fremden Seiten sind ausschlie\u00dflich deren Betreiber verantwortlich!<\/p>\n<p><strong>Urheberrecht:<\/strong><\/p>\n<p>Alle Inhalte dieser Webpr\u00e4senz unterliegen dem Urheberrecht und anderen Gesetzen zum Schutz geistigen Eigentums. Wenn nicht ausdr\u00fccklich anderweitig darauf hingewiesen wird, ist die Reproduktion jeglicher Texte, Bilder, Grafiken, Ton-, Video- und Animationsdateien sowie ihre Arrangements ohne schriftliche Erlaubnis untersagt. Sie d\u00fcrfen weder f\u00fcr Handelszwecke oder zur Weitergabe kopiert, noch ver\u00e4ndert und auf anderen Web-Sites verwendet werden.<\/p>\n<p>Alle gesch\u00fctzten Produktnamen, Firmen- und Markennamen, die auf unseren Webseiten ver\u00f6ffentlicht wurden, sind eingetragene Warenzeichen ihrer jeweiligen Besitzer.<\/p>\n<p><strong>Haftungsausschlu\u00df:<\/strong><\/p>\n<p>Die Hanse Industriekapital haftet nicht f\u00fcr Personensch\u00e4den oder Verm\u00f6genssch\u00e4den, die durch die Kontaktaufnahme oder Gesch\u00e4ftsbeziehung mit den in dieser Webpr\u00e4senz genannten Nat\u00fcrlichen und Juristischen Personen entstehen. Dar\u00fcber hinaus haftet die Hanse Industriekapital weder f\u00fcr direkte noch indirekte Sch\u00e4den, einschlie\u00dflich entgangenen Gewinns, die durch die Nutzung der auf dieser Website zu findenden Informationen oder Daten entstehen. Ausgeschlossen sind auch Rechte und Pflichten zwischen der Hanse Industriekapital und dem Nutzer dieser Website oder Dritten.<\/p>\n","protected":false},"excerpt":{"rendered":"<p>Verantwortlich f\u00fcr den Inhalt dieser Website gem\u00e4\u00df \u00a7 6 MDStV: Hanse Industriekapital GmbH Erik-Blumenfeld-Platz 27B 22587 Hamburg Handelsregister: HRB HH 115718 Gesch\u00e4ftsf\u00fchrer: Marc Eberle Erkl\u00e4rung zu den gesetzten Links: Die Hanse Industriekapital versucht, ihre Angaben und Informationen nach bestem Wissen und Gewissen auf ihrer Website zur Verf\u00fcgung zu stellen. Eine Haftung oder Garantie f\u00fcr die [&hellip;]<\/p>\n","protected":false},"author":1,"featured_media":0,"parent":0,"menu_order":0,"comment_status":"open","ping_status":"open","template":"page-full.php","meta":[],"_links":{"self":[{"href":"http:\/\/hanse-ik.de\/fr\/wp-json\/wp\/v2\/pages\/276"}],"collection":[{"href":"http:\/\/hanse-ik.de\/fr\/wp-json\/wp\/v2\/pages"}],"about":[{"href":"http:\/\/hanse-ik.de\/fr\/wp-json\/wp\/v2\/types\/page"}],"author":[{"embeddable":true,"href":"http:\/\/hanse-ik.de\/fr\/wp-json\/wp\/v2\/users\/1"}],"replies":[{"embeddable":true,"href":"http:\/\/hanse-ik.de\/fr\/wp-json\/wp\/v2\/comments?post=276"}],"version-history":[{"count":4,"href":"http:\/\/hanse-ik.de\/fr\/wp-json\/wp\/v2\/pages\/276\/revisions"}],"predecessor-version":[{"id":646,"href":"http:\/\/hanse-ik.de\/fr\/wp-json\/wp\/v2\/pages\/276\/revisions\/646"}],"wp:attachment":[{"href":"http:\/\/hanse-ik.de\/fr\/wp-json\/wp\/v2\/media?parent=276"}],"curies":[{"name":"wp","href":"https:\/\/api.w.org\/{rel}","templated":true}]}}