{"id":278,"date":"2015-03-10T19:04:17","date_gmt":"2015-03-10T19:04:17","guid":{"rendered":"http:\/\/hanse-ik.de\/?page_id=278"},"modified":"2015-03-10T19:04:17","modified_gmt":"2015-03-10T19:04:17","slug":"objectif-et-demarche","status":"publish","type":"page","link":"http:\/\/hanse-ik.de\/fr\/objectif-et-demarche\/","title":{"rendered":"Objectif et d\u00e9marche"},"content":{"rendered":"<p>Partenaire actif d&rsquo;investissement, Hanse Industriekapital s&rsquo;engage dans des entreprises en situation d&rsquo;exception ou de mutation et confront\u00e9es \u00e0 des d\u00e9cisions telles que :<\/p>\n<ul type=\"square\">\n<li>Scission horizontale ou verticale<\/li>\n<li>R\u00e8glement de succession<\/li>\n<li>Intention de vendre l&rsquo;entreprise pour diverses raisons, par exemple changement de strat\u00e9gie, situation critique, risque d&rsquo;insolvabilit\u00e9, endettement \u00e9lev\u00e9.<\/li>\n<\/ul>\n<p>En tant que holding industriel, Hanse Industriekapital se concentre dans ce but sur l&rsquo;acquisition et la restructuration active de P.M.E. europ\u00e9ennes rentables ou en difficult\u00e9, qui r\u00e9pondent aux crit\u00e8res suivants :<\/p>\n<ul type=\"square\">\n<li>Production industrielle ou prestations de service pour un chiffre d&rsquo;affaires d&rsquo;au moins dix millions d&rsquo;euros<\/li>\n<li>Position solide sur le march\u00e9, accompagn\u00e9e d&rsquo;une bonne r\u00e9putation et d&rsquo;une client\u00e8le fixe<\/li>\n<li>Situation de mutation : scission en raison d&rsquo;une r\u00e9orientation strat\u00e9gique, rel\u00e8ve de la direction par une nouvelle g\u00e9n\u00e9ration, situation critique en raison d&rsquo;erreurs de gestion ou autres.<\/li>\n<\/ul>\n<p>En r\u00e8gle g\u00e9n\u00e9rale, nous reprenons l&rsquo;enti\u00e8re responsabilit\u00e9 de l&rsquo;entreprise en acqu\u00e9rant la majorit\u00e9 du capital. \u00c0 travers une gestion active assum\u00e9e par nos propres intervenants, nous visons \u00e0 transformer par leurs propres moyens nos soci\u00e9t\u00e9s participantes en entreprises comp\u00e9titives, rentables et visant des perspectives \u00e0 long terme par leurs propres moyens. Gr\u00e2ce \u00e0 notre exp\u00e9rience dans la restructuration et le redressement d&rsquo;entreprises, nous sommes en mesure d&rsquo;intervenir dans les secteurs traversant un contexte difficile.<\/p>\n<p>Au moyen d&rsquo;une \u00e9valuation approfondie, nous proc\u00e9dons \u00e0 une recherche cibl\u00e9e des potentiels inexploit\u00e9s. Pour un rapide passage \u00e0 l&rsquo;action, notre \u00e9quipe \u00e9labore avant l&rsquo;acquisition un catalogue d\u00e9taill\u00e9 de mesures sp\u00e9cifiant les responsabilit\u00e9s individuelles. S&rsquo;ils disposent des comp\u00e9tences appropri\u00e9es, les dirigeants sont impliqu\u00e9s dans les r\u00e9sultats en vue d&rsquo;accro\u00eetre leur motivation et stimuler leurs potentialit\u00e9s.<\/p>\n<p>Apr\u00e8s l&rsquo;abandon d&rsquo;activit\u00e9s secondaires non rentables, l&rsquo;ancien propri\u00e9taire peut se concentrer pleinement sur le v\u00e9ritable coeur de m\u00e9tier de son entreprise, avec la conviction d&rsquo;avoir trouv\u00e9 en Hanse Industriekapital un partenaire qui investit \u00e0 long terme et se distingue clairement des institutions d&rsquo;investissement \u00e0 la recherche du succ\u00e8s rapide, intervenant aussi dans les secteurs \u00e0 activit\u00e9s cycliques g\u00e9n\u00e9ralement peu appreci\u00e9s.<\/p>\n","protected":false},"excerpt":{"rendered":"<p>Partenaire actif d&rsquo;investissement, Hanse Industriekapital s&rsquo;engage dans des entreprises en situation d&rsquo;exception ou de mutation et confront\u00e9es \u00e0 des d\u00e9cisions telles que : Scission horizontale ou verticale R\u00e8glement de succession Intention de vendre l&rsquo;entreprise pour diverses raisons, par exemple changement de strat\u00e9gie, situation critique, risque d&rsquo;insolvabilit\u00e9, endettement \u00e9lev\u00e9. En tant que holding industriel, Hanse Industriekapital [&hellip;]<\/p>\n","protected":false},"author":1,"featured_media":0,"parent":0,"menu_order":0,"comment_status":"open","ping_status":"open","template":"page-full.php","meta":[],"_links":{"self":[{"href":"http:\/\/hanse-ik.de\/fr\/wp-json\/wp\/v2\/pages\/278"}],"collection":[{"href":"http:\/\/hanse-ik.de\/fr\/wp-json\/wp\/v2\/pages"}],"about":[{"href":"http:\/\/hanse-ik.de\/fr\/wp-json\/wp\/v2\/types\/page"}],"author":[{"embeddable":true,"href":"http:\/\/hanse-ik.de\/fr\/wp-json\/wp\/v2\/users\/1"}],"replies":[{"embeddable":true,"href":"http:\/\/hanse-ik.de\/fr\/wp-json\/wp\/v2\/comments?post=278"}],"version-history":[{"count":1,"href":"http:\/\/hanse-ik.de\/fr\/wp-json\/wp\/v2\/pages\/278\/revisions"}],"predecessor-version":[{"id":279,"href":"http:\/\/hanse-ik.de\/fr\/wp-json\/wp\/v2\/pages\/278\/revisions\/279"}],"wp:attachment":[{"href":"http:\/\/hanse-ik.de\/fr\/wp-json\/wp\/v2\/media?parent=278"}],"curies":[{"name":"wp","href":"https:\/\/api.w.org\/{rel}","templated":true}]}}