{"id":300,"date":"2015-03-10T19:23:06","date_gmt":"2015-03-10T19:23:06","guid":{"rendered":"http:\/\/hanse-ik.de\/?page_id=300"},"modified":"2015-03-10T19:23:06","modified_gmt":"2015-03-10T19:23:06","slug":"presentation-2","status":"publish","type":"page","link":"http:\/\/hanse-ik.de\/fr\/presentation-2\/","title":{"rendered":"pr\u00e9sentation"},"content":{"rendered":"<div>\n<p><strong>Historique et Philosophie<\/strong><\/p>\n<\/div>\n<div>\n<p>Issu d\u2019 un important cabinet d\u2019experts-conseils, HANSE INDUSTRIEKAPITAL est aujourd\u2019hui actif dans les secteurs les plus vari\u00e9s. Guid\u00e9 par la conception \u00ab Innovative Task Force Management \u00bb, qui privil\u00e9gie l\u2019analyse et la transposition rapides et cibl\u00e9es de projets de gestion dans tous les domaines d\u2019entreprise, notre champ d\u2019activit\u00e9 s\u2019\u00e9tend \u00e0 l\u2019ensemble des exploitations et des secteurs.<\/p>\n<p>\u00c9voluant dans un cadre international, les fondateurs de Hanse Industriekapital poss\u00e8dent une longue exp\u00e9rience de redresseurs d\u2019entreprises, de directeurs dans l\u2019industrie, de responsables TI, des ventes et des ressources humaines. Ils mettent au service de Hanse Industriekapital cette exp\u00e9rience propre ainsi que celle, non moins solide, de leur \u00e9quipe de conseillers sp\u00e9cialis\u00e9s dans le redressement financier et commercial.<\/p>\n<p>Nous nous caract\u00e9risons et nous distinguons des d\u00e9marches classiques d\u2019investissement ainsi :<\/p>\n<ul>\n<li>\u00c0 la diff\u00e9rence de nombreux acteurs issus des banques d\u2019investissement et des cabinets de conseil, nous avons assum\u00e9 personnellement dans des soci\u00e9t\u00e9s internationales des responsabilit\u00e9s de directeurs, de responsables TI, commerciaux, des ventes ou des ressources humaines, et avons dirig\u00e9, restructur\u00e9, redress\u00e9 et d\u00e9velopp\u00e9 activement des entreprises dans les secteurs les plus divers.<\/li>\n<li>Nous nous engageons personnellement dans nos soci\u00e9t\u00e9s participantes \u00e0 la restructuration et \u00e0 l&rsquo;expansion internationale par une coop\u00e9ration quotidienne et op\u00e9rationnelle pour assurer un d\u00e9veloppement hors fronti\u00e8re. D\u00e8s que l\u2019entreprise est remise \u00e0 flot, un directeur s\u00e9lectionn\u00e9 intervient sous sa propre responsabilit\u00e9, assist\u00e9 en continu par des mesures sp\u00e9cifiques de soutien. Apr\u00e8s avoir fait leurs preuves, les cadres b\u00e9n\u00e9ficient d\u2019une participation appropri\u00e9e qui stimule l\u2019action et la responsabilit\u00e9 au sein de l&rsquo;entreprise. Cet int\u00e9ressement direct vise l\u2019accroissement du rendement, et par l\u00e0, le d\u00e9veloppement \u00e0 long terme de l\u2019entreprise et sa r\u00e9ussite durable par ses propres moyens.<\/li>\n<li>Nous poursuivons une politique d\u2019investissement \u00e0 long terme. Notre ambition ne r\u00e9side pas dans la recherche de solutions \u00ab de liquidation \u00bb \u00e0 court terme, mais dans le d\u00e9ploiement de l\u2019entreprise et la cr\u00e9ation de synergies compl\u00e9mentaires.<\/li>\n<li>Nous poss\u00e9dons une expertise document\u00e9e dans l\u2019internationalisation, l\u2019\u00e9dification et la mise en place de structures internationales de marketing et de distribution.<\/li>\n<li>Associ\u00e9 a un groupe d\u2019experts-conseils, Hanse Industriekapital peut, si besoin est, recourir rapidement \u00e0 des capacit\u00e9s suppl\u00e9mentaires et des savoir-faire sp\u00e9cifiques au sein de la m\u00eame maison.<\/li>\n<\/ul>\n<\/div>\n","protected":false},"excerpt":{"rendered":"<p>Historique et Philosophie Issu d\u2019 un important cabinet d\u2019experts-conseils, HANSE INDUSTRIEKAPITAL est aujourd\u2019hui actif dans les secteurs les plus vari\u00e9s. Guid\u00e9 par la conception \u00ab Innovative Task Force Management \u00bb, qui privil\u00e9gie l\u2019analyse et la transposition rapides et cibl\u00e9es de projets de gestion dans tous les domaines d\u2019entreprise, notre champ d\u2019activit\u00e9 s\u2019\u00e9tend \u00e0 l\u2019ensemble des [&hellip;]<\/p>\n","protected":false},"author":1,"featured_media":0,"parent":0,"menu_order":0,"comment_status":"open","ping_status":"open","template":"page-full.php","meta":[],"_links":{"self":[{"href":"http:\/\/hanse-ik.de\/fr\/wp-json\/wp\/v2\/pages\/300"}],"collection":[{"href":"http:\/\/hanse-ik.de\/fr\/wp-json\/wp\/v2\/pages"}],"about":[{"href":"http:\/\/hanse-ik.de\/fr\/wp-json\/wp\/v2\/types\/page"}],"author":[{"embeddable":true,"href":"http:\/\/hanse-ik.de\/fr\/wp-json\/wp\/v2\/users\/1"}],"replies":[{"embeddable":true,"href":"http:\/\/hanse-ik.de\/fr\/wp-json\/wp\/v2\/comments?post=300"}],"version-history":[{"count":1,"href":"http:\/\/hanse-ik.de\/fr\/wp-json\/wp\/v2\/pages\/300\/revisions"}],"predecessor-version":[{"id":301,"href":"http:\/\/hanse-ik.de\/fr\/wp-json\/wp\/v2\/pages\/300\/revisions\/301"}],"wp:attachment":[{"href":"http:\/\/hanse-ik.de\/fr\/wp-json\/wp\/v2\/media?parent=300"}],"curies":[{"name":"wp","href":"https:\/\/api.w.org\/{rel}","templated":true}]}}